{"id":80,"date":"2017-07-11T22:00:13","date_gmt":"2017-07-11T20:00:13","guid":{"rendered":"http:\/\/ovodafejlesztes.grubitsdekor.hu\/?page_id=80"},"modified":"2022-11-21T16:19:02","modified_gmt":"2022-11-21T14:19:02","slug":"trefort-teri-ovoda","status":"publish","type":"page","link":"http:\/\/zoldterulet.sopron.hu\/?page_id=80","title":{"rendered":"A projekt"},"content":{"rendered":"<p>[vc_row][vc_column width=&#8221;1\/2&#8243;][vc_column_text]<\/p>\n<div class=\"page\" title=\"Page 1\">\n<div class=\"layoutArea\">\n<div class=\"column\">\n<p><strong>A Ter\u00fclet- \u00e9s Telep\u00fcl\u00e9sfejleszt\u00e9si Operat\u00edv Program (TOP) keret\u00e9ben \u00e9s Magyarorsz\u00e1g Korm\u00e1ny\u00e1nak k\u00f6sz\u00f6nhet\u0151en 8 helysz\u00ednen \u00fajultak meg Sopron k\u00f6z\u00f6ss\u00e9gi z\u00f6ldter\u00fcletei. \u00daj rekre\u00e1ci\u00f3s c\u00e9llal k\u00f6zpark, term\u00e9szeti \u00e9rt\u00e9keket bemutat\u00f3 tan\u00f6sv\u00e9ny, \u00faj Skate Park \u00e9p\u00fclt, valamint meg\u00fajult 4 m\u00e1r megl\u00e9v\u0151 j\u00e1tsz\u00f3t\u00e9r \u00e9s a Zenepavilon \u00e9p\u00fclete is fel\u00faj\u00edt\u00e1sa ker\u00fclt.<\/strong><\/p>\n<p><strong>\u00a0<\/strong><\/p>\n<p><strong>Koron\u00e1z\u00f3domb<\/strong><\/p>\n<p>A Koron\u00e1z\u00f3dombon a projekt keret\u00e9ben, mintegy 8500 nm-en l\u00e9trej\u00f6tt egy k\u00f6zpark kil\u00e1t\u00f3ponttal, illetve egy \u00faj \u00fcgyess\u00e9gi j\u00e1tsz\u00f3t\u00e9r, mely f\u0151k\u00e9nt 3-7 \u00e9ves koroszt\u00e1ly sz\u00e1m\u00e1ra kialak\u00edtott \u00f6t\u00e1llom\u00e1sos tornap\u00e1lya. Az 5 j\u00e1t\u00e9kblokkban k\u00e9t-k\u00e9t j\u00e1t\u00e9keszk\u00f6z ker\u00fclt elhelyez\u00e9sre. A j\u00e1t\u00e9keszk\u00f6z\u00f6k al\u00e1 gumi \u00fct\u00e9scsillap\u00edt\u00f3 burkolat ker\u00fclt, k\u00f6zel\u00fckben padokkal. Az elhelyezett j\u00e1t\u00e9kok k\u00f6z\u00f6tt m\u00e1sz\u00f3ka, libik\u00f3ka, hinta, mini cs\u00faszda \u00e9s egyens\u00falyoz\u00f3 j\u00e1t\u00e9kok kaptak helyet. Az \u00fatvonalak kialak\u00edt\u00e1s\u00e1hoz stabiliz\u00e1lt murva burkolatot alkalmaztak, melyet \u00f6t helyen meger\u0151s\u00edtett al\u00e9p\u00edtm\u00e9nnyel helyeztek el, ahol a parkfenntart\u00e1s sor\u00e1n a j\u00e1rm\u0171vel k\u00f6zlekedni tudnak. Ehhez kapcsol\u00f3dva 20 parkol\u00f3hely ker\u00fclt kialak\u00edt\u00e1sra, melyb\u0151l 1 akad\u00e1lymentes, 10 biciklit\u00e1rol\u00f3 elhelyez\u00e9sre ker\u00fcl k\u00f6zvetlen\u00fcl a kil\u00e1t\u00f3 k\u00f6rnyezet\u00e9ben, illetve f\u00e1k \u00e9s cserj\u00e9k \u00fcltet\u00e9sre ker\u00fcltek.<\/p>\n<p><strong>\u00daj tan\u00f6sv\u00e9ny \u00e9p\u00fclt a B\u00e9csi-dombon<\/strong><\/p>\n<p>A B\u00e9csi-dombon gyerekeknek sz\u00f3l\u00f3 t\u00f6bb \u00e1llom\u00e1sos tan\u00f6sv\u00e9ny ker\u00fclt kialak\u00edt\u00e1sra, ahol megismerkedhetnek a k\u00f6rnyez\u0151 n\u00f6v\u00e9ny \u00e9s \u00e1llatvil\u00e1ggal. A tan\u00f6sv\u00e9nyen sz\u00ednes utcai b\u00fatorok \u00e9s \u00fcgyess\u00e9gi eszk\u00f6z\u00f6k v\u00e1rj\u00e1k a legkisebbeket. A tan\u00f6sv\u00e9ny melletti ter\u00fcleten kerti szeg\u00e9lyes murv\u00e1zott s\u00e9tautak ker\u00fcltek kialak\u00edt\u00e1sra egys\u00e9ges utcai b\u00fatorokkal.<\/p>\n<p><strong>Skate Park<\/strong><\/p>\n<p>Skate Park kialak\u00edt\u00e1s\u00e1val a soproni fiatalok r\u00e9gi \u00e1lm\u00e1t val\u00f3s\u00edtottuk meg. A parkot BMX-el, g\u00f6rdeszk\u00e1val \u00e9s megfelel\u0151 rollerrel is haszn\u00e1lhatj\u00e1k. A Sopron Plaza melletti murv\u00e1zott parkol\u00f3ban 14 x 36 m\u00e9ter aszfaltozott p\u00e1ly\u00e1t alak\u00edtottunk kis, ahol a m\u00e1r kor\u00e1bban beszerzett eszk\u00f6z\u00f6k mell\u00e9 egy darab kombin\u00e1lt eszk\u00f6z ker\u00fclt elhelyez\u00e9sre. A ter\u00fcleten \u00faj utcai b\u00fatorok \u00e9s ker\u00edt\u00e9s is kialak\u00edt\u00e1sra ker\u00fclt.<\/p>\n<p><strong>J\u00e1tsz\u00f3terek fel\u00faj\u00edt\u00e1sa, b\u0151v\u00edt\u00e9se<\/strong><\/p>\n<p>A IV. L\u00e1szl\u00f3 kir\u00e1ly utcai j\u00e1tsz\u00f3t\u00e9r 2 db \u00faj j\u00e1tsz\u00f3eszk\u00f6zzel b\u0151v\u00fclt.\u00a0 1 db j\u00e1tsz\u00f3haj\u00f3, 1 db kombin\u00e1lt m\u00e1sz\u00f3ka ker\u00fclt be\u00e9p\u00edt\u00e9sre, valamint homok \u00fct\u00e9scsillap\u00edt\u00f3 altalaj ker\u00fclt kialak\u00edt\u00e1sra \u00e9s jav\u00edt\u00e1sra ker\u00fcltek a megl\u00e9v\u0151 j\u00e1tsz\u00f3eszk\u00f6z\u00f6k. Az Arany J\u00e1nos utcai j\u00e1tsz\u00f3t\u00e9ren 2 db kisebb j\u00e1tsz\u00f3eszk\u00f6z, egy M\u00f3kusker\u00e9k \u00e9s egy rug\u00f3s vir\u00e1g j\u00e1t\u00e9k ker\u00fclt be\u00e9p\u00edt\u00e9sre. Az Erzs\u00e9bet kerti j\u00e1tsz\u00f3t\u00e9ren 4 db \u00faj j\u00e1tsz\u00f3eszk\u00f6zzel b\u0151v\u00fclt a j\u00e1tsz\u00f3t\u00e9r. 1 db m\u00e1sz\u00f3v\u00e1r, 1 db hegym\u00e1sz\u00f3 eszk\u00f6z, 1 db m\u00e9rleghinta \u00e9s 1 db homokoz\u00f3 ker\u00fclt kihelyez\u00e9sre. Itt gumi \u00fct\u00e9scsillap\u00edt\u00f3 altalaj ker\u00fclt ki\u00f6nt\u00e9sre. Bar\u00e1ts\u00e1g parki j\u00e1tsz\u00f3t\u00e9ren 1 db m\u00e9rleghinta, 1 db m\u00f3kusker\u00e9k \u00e9s 6 db korszer\u0171 kerti pad ker\u00fclt kihelyez\u00e9sre.<\/p>\n<p><strong>Zenepavilon fel\u00faj\u00edt\u00e1sa<\/strong><\/p>\n<p>A L\u0151ver k\u00f6r\u00fati Zenepavilon az elm\u00falt \u00e9vek alatt leromlott \u00e1llapodba ker\u00fclt, ez\u00e9rt sz\u00fcks\u00e9gess\u00e9 v\u00e1lt a fel\u00faj\u00edt\u00e1sa. A pavilon fafel\u00fcletei el\u0151sz\u00f6r jav\u00edt\u00e1sra ker\u00fclnek, a hi\u00e1nyz\u00f3 deszk\u00e1zat p\u00f3tl\u00e1s\u00e1val, a k\u00f6t\u0151elemek s\u0171r\u00edt\u00e9s\u00e9vel. Ezt k\u00f6vet\u0151en megt\u00f6rt\u00e9nt a fel\u00fcleti el\u0151k\u00e9sz\u00edt\u00e9se, \u00e9s a gombamentes\u00edt\u0151 alapoz\u00e1s. V\u00e9g\u00fcl a fed\u0151m\u00e1zol\u00e1s k\u00f6vetkezett, megl\u00e9v\u0151vel azonos sz\u00edn\u00e1rnyalatban laz\u00far fest\u00e9kkel. Az ac\u00e9l fel\u00fcletek m\u00e1zol\u00e1sa is megt\u00f6rt\u00e9nt, fel\u00fclet el\u0151k\u00e9sz\u00edt\u00e9s ut\u00e1n;<\/p>\n<p>A term\u00e9sk\u0151 falazatok \u00e9s betonfel\u00fcletek tiszt\u00edt\u00e1sa ut\u00e1n, jav\u00edt\u00e1sra ker\u00fclnek betonjav\u00edt\u00f3 habarccsal. A\u00a0 fugajav\u00edt\u00e1s is megt\u00f6rt\u00e9nik, majd a fest\u00e9se ut\u00e1n a beton \u00e9s k\u0151fel\u00fcletek impregn\u00e1l\u00e1sra ker\u00fclnek.<\/p>\n<\/div>\n<\/div>\n<\/div>\n<p>[\/vc_column_text][\/vc_column][\/vc_row][vc_row full_width=&#8221;stretch_row_content_no_spaces&#8221;][vc_column width=&#8221;1\/6&#8243;][\/vc_column][vc_column width=&#8221;1\/6&#8243;][\/vc_column][\/vc_row][vc_row full_width=&#8221;stretch_row_content_no_spaces&#8221;][vc_column]<div class=\"ult_row_spacer\"><div class=\"ult-sticky-anchor\"><div class=\"ult-sticky-section ult-sticky \"  data-stick_behaviour= 'stick_permanent' data-lr_position= 'right' data-lr_value= '0'  data-sticky_width= 'customwidth'200px data-sticky_customwidth= '200px' data-sticky_position= 'bottom' data-mobile='no' data-support='no'>[vc_single_image image=&#8221;282&#8243; img_size=&#8221;250&#215;178&#8243; alignment=&#8221;right&#8221;]<\/div><div class=\"ult-space\"><\/div><\/div><\/div>[\/vc_column][\/vc_row]<\/p>\n","protected":false},"excerpt":{"rendered":"<p>[vc_row][vc_column width=&#8221;1\/2&#8243;][vc_column_text] A Ter\u00fclet- \u00e9s Telep\u00fcl\u00e9sfejleszt\u00e9si Operat\u00edv Program (TOP) keret\u00e9ben \u00e9s Magyarorsz\u00e1g Korm\u00e1ny\u00e1nak k\u00f6sz\u00f6nhet\u0151en 8 helysz\u00ednen \u00fajultak meg Sopron k\u00f6z\u00f6ss\u00e9gi z\u00f6ldter\u00fcletei. \u00daj rekre\u00e1ci\u00f3s c\u00e9llal k\u00f6zpark, term\u00e9szeti \u00e9rt\u00e9keket bemutat\u00f3 tan\u00f6sv\u00e9ny, \u00faj Skate Park \u00e9p\u00fclt, valamint meg\u00fajult 4 m\u00e1r megl\u00e9v\u0151 j\u00e1tsz\u00f3t\u00e9r \u00e9s a Zenepavilon \u00e9p\u00fclete is fel\u00faj\u00edt\u00e1sa ker\u00fclt. \u00a0 Koron\u00e1z\u00f3domb A Koron\u00e1z\u00f3dombon a projekt keret\u00e9ben, mintegy 8500 nm-en l\u00e9trej\u00f6tt egy k\u00f6zpark kil\u00e1t\u00f3ponttal, illetve egy \u00faj \u00fcgyess\u00e9gi j\u00e1tsz\u00f3t\u00e9r, mely f\u0151k\u00e9nt 3-7 \u00e9ves koroszt\u00e1ly sz\u00e1m\u00e1ra kialak\u00edtott \u00f6t\u00e1llom\u00e1sos tornap\u00e1lya. Az&#8230;<span class=\"screen-reader-text\">  A projekt<\/span><\/p>\n","protected":false},"author":1,"featured_media":0,"parent":0,"menu_order":0,"comment_status":"closed","ping_status":"closed","template":"","meta":[],"_links":{"self":[{"href":"http:\/\/zoldterulet.sopron.hu\/index.php?rest_route=\/wp\/v2\/pages\/80"}],"collection":[{"href":"http:\/\/zoldterulet.sopron.hu\/index.php?rest_route=\/wp\/v2\/pages"}],"about":[{"href":"http:\/\/zoldterulet.sopron.hu\/index.php?rest_route=\/wp\/v2\/types\/page"}],"author":[{"embeddable":true,"href":"http:\/\/zoldterulet.sopron.hu\/index.php?rest_route=\/wp\/v2\/users\/1"}],"replies":[{"embeddable":true,"href":"http:\/\/zoldterulet.sopron.hu\/index.php?rest_route=%2Fwp%2Fv2%2Fcomments&post=80"}],"version-history":[{"count":12,"href":"http:\/\/zoldterulet.sopron.hu\/index.php?rest_route=\/wp\/v2\/pages\/80\/revisions"}],"predecessor-version":[{"id":359,"href":"http:\/\/zoldterulet.sopron.hu\/index.php?rest_route=\/wp\/v2\/pages\/80\/revisions\/359"}],"wp:attachment":[{"href":"http:\/\/zoldterulet.sopron.hu\/index.php?rest_route=%2Fwp%2Fv2%2Fmedia&parent=80"}],"curies":[{"name":"wp","href":"https:\/\/api.w.org\/{rel}","templated":true}]}}