{"id":28,"date":"2017-06-29T15:09:47","date_gmt":"2017-06-29T15:09:47","guid":{"rendered":"http:\/\/ovodafejlesztes.grubitsdekor.hu\/?page_id=28"},"modified":"2022-05-23T09:19:01","modified_gmt":"2022-05-23T07:19:01","slug":"kapcsolat","status":"publish","type":"page","link":"http:\/\/zoldterulet.sopron.hu\/?page_id=28","title":{"rendered":"Kapcsolat"},"content":{"rendered":"<p>[vc_row][vc_column width=&#8221;1\/2&#8243;][vc_custom_heading text=&#8221;Sopron Megyei Jog\u00fa V\u00e1ros \u00d6nkorm\u00e1nyzata&#8221; use_theme_fonts=&#8221;yes&#8221;][vc_column_text]9400 Sopron, F\u0151 t\u00e9r 1.<\/p>\n<p><strong>T\u00f3th G\u00e1bor<\/strong><\/p>\n<p>v\u00e1rosfejleszt\u00e9si oszt\u00e1lyvezet\u0151<\/p>\n<p><a href=\"mailto:projekt@sopron-ph.hu\">projekt@sopron-ph.hu<\/a><\/p>\n<p>+36\/99\/515-461[\/vc_column_text][\/vc_column][vc_column width=&#8221;1\/2&#8243;][vc_gmaps link=&#8221;#E-8_JTNDaWZyYW1lJTIwc3JjJTNEJTIyaHR0cHMlM0ElMkYlMkZ3d3cuZ29vZ2xlLmNvbSUyRm1hcHMlMkZlbWJlZCUzRnBiJTNEJTIxMW0xOCUyMTFtMTIlMjExbTMlMjExZDI2ODUuODk1NDY4OTMyODE0MyUyMTJkMTYuNTg4ODEyMzE1NjMzMjg0JTIxM2Q0Ny42ODY0NDk5NzkxOTAwMSUyMTJtMyUyMTFmMCUyMTJmMCUyMTNmMCUyMTNtMiUyMTFpMTAyNCUyMTJpNzY4JTIxNGYxMy4xJTIxM20zJTIxMW0yJTIxMXMweDQ3NmMzY2ExNjEwNjZmYTMlMjUzQTB4ZDYxMzhjOWIyZmMzZDdiZiUyMTJ6VTI5d2NtOXVMQ0JHeFpFZ2RNT3BjaUF4TENBNU5EQXclMjE1ZTAlMjEzbTIlMjExc2h1JTIxMnNodSUyMTR2MTQ5OTgxMDU3NjQ1MiUyMiUyMHdpZHRoJTNEJTIyNjAwJTIyJTIwaGVpZ2h0JTNEJTIyNDUwJTIyJTIwZnJhbWVib3JkZXIlM0QlMjIwJTIyJTIwc3R5bGUlM0QlMjJib3JkZXIlM0EwJTIyJTIwYWxsb3dmdWxsc2NyZWVuJTNFJTNDJTJGaWZyYW1lJTNF&#8221;][\/vc_column][\/vc_row][vc_row full_width=&#8221;stretch_row_content_no_spaces&#8221;][vc_column]<div class=\"ult_row_spacer\"><div class=\"ult-sticky-anchor\"><div class=\"ult-sticky-section ult-sticky \"  data-stick_behaviour= 'stick_permanent' data-lr_position= 'right' data-lr_value= '0'  data-sticky_width= 'customwidth'200px data-sticky_customwidth= '200px' data-sticky_position= 'bottom' data-mobile='no' data-support='no'>[vc_single_image image=&#8221;282&#8243; img_size=&#8221;250&#215;178&#8243; alignment=&#8221;right&#8221;]<\/div><div class=\"ult-space\"><\/div><\/div><\/div>[\/vc_column][\/vc_row]<\/p>\n","protected":false},"excerpt":{"rendered":"<p>[vc_row][vc_column width=&#8221;1\/2&#8243;][vc_custom_heading text=&#8221;Sopron Megyei Jog\u00fa V\u00e1ros \u00d6nkorm\u00e1nyzata&#8221; use_theme_fonts=&#8221;yes&#8221;][vc_column_text]9400 Sopron, F\u0151 t\u00e9r 1. T\u00f3th G\u00e1bor v\u00e1rosfejleszt\u00e9si oszt\u00e1lyvezet\u0151 projekt@sopron-ph.hu +36\/99\/515-461[\/vc_column_text][\/vc_column][vc_column width=&#8221;1\/2&#8243;][vc_gmaps link=&#8221;#E-8_JTNDaWZyYW1lJTIwc3JjJTNEJTIyaHR0cHMlM0ElMkYlMkZ3d3cuZ29vZ2xlLmNvbSUyRm1hcHMlMkZlbWJlZCUzRnBiJTNEJTIxMW0xOCUyMTFtMTIlMjExbTMlMjExZDI2ODUuODk1NDY4OTMyODE0MyUyMTJkMTYuNTg4ODEyMzE1NjMzMjg0JTIxM2Q0Ny42ODY0NDk5NzkxOTAwMSUyMTJtMyUyMTFmMCUyMTJmMCUyMTNmMCUyMTNtMiUyMTFpMTAyNCUyMTJpNzY4JTIxNGYxMy4xJTIxM20zJTIxMW0yJTIxMXMweDQ3NmMzY2ExNjEwNjZmYTMlMjUzQTB4ZDYxMzhjOWIyZmMzZDdiZiUyMTJ6VTI5d2NtOXVMQ0JHeFpFZ2RNT3BjaUF4TENBNU5EQXclMjE1ZTAlMjEzbTIlMjExc2h1JTIxMnNodSUyMTR2MTQ5OTgxMDU3NjQ1MiUyMiUyMHdpZHRoJTNEJTIyNjAwJTIyJTIwaGVpZ2h0JTNEJTIyNDUwJTIyJTIwZnJhbWVib3JkZXIlM0QlMjIwJTIyJTIwc3R5bGUlM0QlMjJib3JkZXIlM0EwJTIyJTIwYWxsb3dmdWxsc2NyZWVuJTNFJTNDJTJGaWZyYW1lJTNF&#8221;][\/vc_column][\/vc_row][vc_row full_width=&#8221;stretch_row_content_no_spaces&#8221;][vc_column][\/vc_column][\/vc_row]<\/p>\n","protected":false},"author":1,"featured_media":0,"parent":0,"menu_order":0,"comment_status":"closed","ping_status":"closed","template":"","meta":[],"_links":{"self":[{"href":"http:\/\/zoldterulet.sopron.hu\/index.php?rest_route=\/wp\/v2\/pages\/28"}],"collection":[{"href":"http:\/\/zoldterulet.sopron.hu\/index.php?rest_route=\/wp\/v2\/pages"}],"about":[{"href":"http:\/\/zoldterulet.sopron.hu\/index.php?rest_route=\/wp\/v2\/types\/page"}],"author":[{"embeddable":true,"href":"http:\/\/zoldterulet.sopron.hu\/index.php?rest_route=\/wp\/v2\/users\/1"}],"replies":[{"embeddable":true,"href":"http:\/\/zoldterulet.sopron.hu\/index.php?rest_route=%2Fwp%2Fv2%2Fcomments&post=28"}],"version-history":[{"count":2,"href":"http:\/\/zoldterulet.sopron.hu\/index.php?rest_route=\/wp\/v2\/pages\/28\/revisions"}],"predecessor-version":[{"id":356,"href":"http:\/\/zoldterulet.sopron.hu\/index.php?rest_route=\/wp\/v2\/pages\/28\/revisions\/356"}],"wp:attachment":[{"href":"http:\/\/zoldterulet.sopron.hu\/index.php?rest_route=%2Fwp%2Fv2%2Fmedia&parent=28"}],"curies":[{"name":"wp","href":"https:\/\/api.w.org\/{rel}","templated":true}]}}