{"id":118,"date":"2017-06-29T11:55:42","date_gmt":"2017-06-29T11:55:42","guid":{"rendered":"http:\/\/ovodafejlesztes.grubitsdekor.hu\/?page_id=2"},"modified":"2022-11-24T12:01:50","modified_gmt":"2022-11-24T10:01:50","slug":"ez-egy-minta-oldal-2","status":"publish","type":"page","link":"http:\/\/zoldterulet.sopron.hu\/","title":{"rendered":"F\u0151oldal"},"content":{"rendered":"<p>[vc_row 0=&#8221;&#8221;][vc_column 0=&#8221;&#8221;][vc_single_image image=&#8221;351&#8243; img_size=&#8221;full&#8221; alignment=&#8221;center&#8221;][\/vc_column][\/vc_row][vc_row full_width=&#8221;stretch_row_content_no_spaces&#8221;][vc_column width=&#8221;1\/6&#8243;][\/vc_column][vc_column width=&#8221;2\/3&#8243;][vc_custom_heading text=&#8221;Projekt bemutat\u00f3&#8221; use_theme_fonts=&#8221;yes&#8221;][vc_column_text 0=&#8221;&#8221;]<\/p>\n<div class=\"page\" title=\"Page 1\">\n<p>A projekt keret\u00e9ben a pihen\u00e9s \u00e9s akt\u00edv kikapcsol\u00f3d\u00e1s helysz\u00edn\u00e9\u00fcl szolg\u00e1l\u00f3 k\u00f6z\u00f6ss\u00e9gi terek kialak\u00edt\u00e1sa \u00e9s fejleszt\u00e9se val\u00f3sul meg Sopron belter\u00fcleti, \u00f6nkorm\u00e1nyzati tulajdon\u00fa, alulhasznos\u00edtott z\u00f6ldter\u00fcleteinek meg\u00faj\u00edt\u00e1s\u00e1val, funkci\u00f3inak b\u0151v\u00edt\u00e9s\u00e9vel. Kiemelt helysz\u00edn az \u00c9szaki v\u00e1rosr\u00e9sz, hi\u00e1nyp\u00f3tl\u00f3 fejleszt\u00e9sek ugyanakkor a v\u00e1ros eg\u00e9sz ter\u00fclet\u00e9n t\u00e1mogathat\u00f3k, a teljes lakoss\u00e1got szolg\u00e1lva a j\u00e1tsz\u00f3t\u00e9r- \u00e9s szabadid\u0151park-h\u00e1l\u00f3zat fejleszt\u00e9s\u00e9vel, a ter\u00fcleti egyenl\u0151tlens\u00e9gek cs\u00f6kkent\u00e9s\u00e9vel.<\/p>\n<p style=\"text-align: right;\">Kedvezm\u00e9nyezett:\u00a0<strong>Sopron Megyei Jog\u00fa V\u00e1ros \u00d6nkorm\u00e1nyzata<\/strong><\/p>\n<p style=\"text-align: right;\">Projekt azonos\u00edt\u00f3:\u00a0<strong>TOP-7.1.1-16-H-ERFA-2020-00771<\/strong><\/p>\n<p style=\"text-align: right;\">Projekt c\u00edme:\u00a0<strong>Sopron z\u00f6ldter\u00fcleteinek rekre\u00e1ci\u00f3s c\u00e9l\u00fa, csal\u00e1dbar\u00e1t fejleszt\u00e9se<\/strong><\/p>\n<p style=\"text-align: right;\">Meg\u00edt\u00e9lt t\u00e1mogat\u00e1s \u00f6sszege:<strong>\u00a0275 000 000,- Ft<\/strong><\/p>\n<p style=\"text-align: right;\">Projekt \u00f6sszk\u00f6lts\u00e9ge:\u00a0<strong>275 000 000,- Ft<\/strong><\/p>\n<p style=\"text-align: right;\">T\u00e1mogat\u00e1s intenzit\u00e1sa:\u00a0<strong>100%<\/strong><\/p>\n<p style=\"text-align: right;\">A projekt t\u00e9nyleges befejez\u00e9si d\u00e1tuma:<b> 2022.05.31.<\/b><\/p>\n<div class=\"layoutArea\"><\/div>\n<\/div>\n<p>[\/vc_column_text][vc_column_text 0=&#8221;&#8221;][\/vc_column_text][\/vc_column][vc_column width=&#8221;1\/6&#8243;][\/vc_column][\/vc_row][vc_row full_width=&#8221;stretch_row_content_no_spaces&#8221;][vc_column width=&#8221;1\/6&#8243;][\/vc_column][\/vc_row][vc_row full_width=&#8221;stretch_row_content_no_spaces&#8221;][vc_column 0=&#8221;&#8221;]<div class=\"ult_row_spacer\"><div class=\"ult-sticky-anchor\"><div class=\"ult-sticky-section ult-sticky \"  data-stick_behaviour= 'stick_permanent' data-lr_position= 'right' data-lr_value= '0'  data-sticky_width= 'customwidth'200px data-sticky_customwidth= '200px' data-sticky_position= 'bottom' data-mobile='no' data-support='no'>[vc_single_image image=&#8221;282&#8243; img_size=&#8221;250&#215;178&#8243; alignment=&#8221;right&#8221;]<\/div><div class=\"ult-space\"><\/div><\/div><\/div>[\/vc_column][\/vc_row]<\/p>\n","protected":false},"excerpt":{"rendered":"<p>[vc_row 0=&#8221;&#8221;][vc_column 0=&#8221;&#8221;][vc_single_image image=&#8221;351&#8243; img_size=&#8221;full&#8221; alignment=&#8221;center&#8221;][\/vc_column][\/vc_row][vc_row full_width=&#8221;stretch_row_content_no_spaces&#8221;][vc_column width=&#8221;1\/6&#8243;][\/vc_column][vc_column width=&#8221;2\/3&#8243;][vc_custom_heading text=&#8221;Projekt bemutat\u00f3&#8221; use_theme_fonts=&#8221;yes&#8221;][vc_column_text 0=&#8221;&#8221;] A projekt keret\u00e9ben a pihen\u00e9s \u00e9s akt\u00edv kikapcsol\u00f3d\u00e1s helysz\u00edn\u00e9\u00fcl szolg\u00e1l\u00f3 k\u00f6z\u00f6ss\u00e9gi terek kialak\u00edt\u00e1sa \u00e9s fejleszt\u00e9se val\u00f3sul meg Sopron belter\u00fcleti, \u00f6nkorm\u00e1nyzati tulajdon\u00fa, alulhasznos\u00edtott z\u00f6ldter\u00fcleteinek meg\u00faj\u00edt\u00e1s\u00e1val, funkci\u00f3inak b\u0151v\u00edt\u00e9s\u00e9vel. Kiemelt helysz\u00edn az \u00c9szaki v\u00e1rosr\u00e9sz, hi\u00e1nyp\u00f3tl\u00f3 fejleszt\u00e9sek ugyanakkor a v\u00e1ros eg\u00e9sz ter\u00fclet\u00e9n t\u00e1mogathat\u00f3k, a teljes lakoss\u00e1got szolg\u00e1lva a j\u00e1tsz\u00f3t\u00e9r- \u00e9s szabadid\u0151park-h\u00e1l\u00f3zat fejleszt\u00e9s\u00e9vel, a ter\u00fcleti egyenl\u0151tlens\u00e9gek cs\u00f6kkent\u00e9s\u00e9vel. Kedvezm\u00e9nyezett:\u00a0Sopron Megyei Jog\u00fa V\u00e1ros \u00d6nkorm\u00e1nyzata Projekt azonos\u00edt\u00f3:\u00a0TOP-7.1.1-16-H-ERFA-2020-00771 Projekt c\u00edme:\u00a0Sopron z\u00f6ldter\u00fcleteinek&#8230;<span class=\"screen-reader-text\">  F\u0151oldal<\/span><\/p>\n","protected":false},"author":1,"featured_media":0,"parent":0,"menu_order":0,"comment_status":"closed","ping_status":"open","template":"","meta":[],"_links":{"self":[{"href":"http:\/\/zoldterulet.sopron.hu\/index.php?rest_route=\/wp\/v2\/pages\/118"}],"collection":[{"href":"http:\/\/zoldterulet.sopron.hu\/index.php?rest_route=\/wp\/v2\/pages"}],"about":[{"href":"http:\/\/zoldterulet.sopron.hu\/index.php?rest_route=\/wp\/v2\/types\/page"}],"author":[{"embeddable":true,"href":"http:\/\/zoldterulet.sopron.hu\/index.php?rest_route=\/wp\/v2\/users\/1"}],"replies":[{"embeddable":true,"href":"http:\/\/zoldterulet.sopron.hu\/index.php?rest_route=%2Fwp%2Fv2%2Fcomments&post=118"}],"version-history":[{"count":22,"href":"http:\/\/zoldterulet.sopron.hu\/index.php?rest_route=\/wp\/v2\/pages\/118\/revisions"}],"predecessor-version":[{"id":361,"href":"http:\/\/zoldterulet.sopron.hu\/index.php?rest_route=\/wp\/v2\/pages\/118\/revisions\/361"}],"wp:attachment":[{"href":"http:\/\/zoldterulet.sopron.hu\/index.php?rest_route=%2Fwp%2Fv2%2Fmedia&parent=118"}],"curies":[{"name":"wp","href":"https:\/\/api.w.org\/{rel}","templated":true}]}}